{"id":18,"date":"2013-06-13T09:07:19","date_gmt":"2013-06-13T07:07:19","guid":{"rendered":"http:\/\/percka.se\/regnbagsfiske\/?page_id=18"},"modified":"2013-06-13T09:07:19","modified_gmt":"2013-06-13T07:07:19","slug":"fisketips","status":"publish","type":"page","link":"https:\/\/percka.se\/regnbagsfiske\/fisketips\/","title":{"rendered":"Fisketips"},"content":{"rendered":"<p>H\u00e4r hoppas jag att du kan hitta n\u00e5got nytt som du inte h\u00f6rt talas om tidigare, och som kan hj\u00e4lpa dig k\u00e4nna lite mer inspirerad de dagar d\u00e5 regnb\u00e5gen helt enkelt \u00e4r om\u00f6jlig att ha att g\u00f6ra med.<\/p>\n","protected":false},"excerpt":{"rendered":"<p>H\u00e4r hoppas jag att du kan hitta n\u00e5got nytt som du inte h\u00f6rt talas om tidigare, och som kan hj\u00e4lpa dig k\u00e4nna lite mer inspirerad de dagar d\u00e5 regnb\u00e5gen helt enkelt \u00e4r om\u00f6jlig att ha att g\u00f6ra med.<\/p>\n","protected":false},"author":1,"featured_media":0,"parent":0,"menu_order":0,"comment_status":"open","ping_status":"open","template":"","meta":[],"_links":{"self":[{"href":"https:\/\/percka.se\/regnbagsfiske\/wp-json\/wp\/v2\/pages\/18"}],"collection":[{"href":"https:\/\/percka.se\/regnbagsfiske\/wp-json\/wp\/v2\/pages"}],"about":[{"href":"https:\/\/percka.se\/regnbagsfiske\/wp-json\/wp\/v2\/types\/page"}],"author":[{"embeddable":true,"href":"https:\/\/percka.se\/regnbagsfiske\/wp-json\/wp\/v2\/users\/1"}],"replies":[{"embeddable":true,"href":"https:\/\/percka.se\/regnbagsfiske\/wp-json\/wp\/v2\/comments?post=18"}],"version-history":[{"count":1,"href":"https:\/\/percka.se\/regnbagsfiske\/wp-json\/wp\/v2\/pages\/18\/revisions"}],"predecessor-version":[{"id":19,"href":"https:\/\/percka.se\/regnbagsfiske\/wp-json\/wp\/v2\/pages\/18\/revisions\/19"}],"wp:attachment":[{"href":"https:\/\/percka.se\/regnbagsfiske\/wp-json\/wp\/v2\/media?parent=18"}],"curies":[{"name":"wp","href":"https:\/\/api.w.org\/{rel}","templated":true}]}}