{"id":219,"date":"2021-10-19T17:03:52","date_gmt":"2021-10-19T17:03:52","guid":{"rendered":"https:\/\/listinghive.hivepress.io\/?page_id=8"},"modified":"2022-01-30T19:05:54","modified_gmt":"2022-01-30T18:05:54","slug":"home","status":"publish","type":"page","link":"https:\/\/percka.se\/regnbagsfiske\/home\/","title":{"rendered":"Home"},"content":{"rendered":"\n<h1 class=\"has-text-align-center\" id=\"sok-ditt-nasta-fiskevatten\">S\u00f6k ditt n\u00e4sta fiskevatten<\/h1>\n\n\n\n<p class=\"has-text-align-center has-medium-font-size\">\u00c4ra din fisk i tv\u00e5 dagar, ge den en spade den tredje dagen<\/p>\n\n\n\n<!--more-->\n<!--noteaser-->\n\n\n <form class=\"hp-form--wide hp-form--primary hp-block hp-form hp-form--listing-search\" action=\"https:\/\/percka.se\/regnbagsfiske\" method=\"GET\" data-component=\"form\"><div class=\"hp-form__messages\" data-component=\"messages\"><\/div><div class=\"hp-form__fields\"><input type=\"hidden\" name=\"post_type\" value=\"hp_listing\" class=\"hp-field hp-field--hidden\"><select name=\"_category\" class=\"hp-field hp-field--hidden\"><option value=\"\" data-level=0 >All Categories<\/option><option value=\"84\" data-level=0 >Real Estate<\/option><option value=\"93\" data-level=0 >Flugfiske<\/option><option value=\"94\" data-level=0 >Flug- och spinnfiske<\/option><option value=\"95\" data-level=0 >Mete<\/option><option value=\"86\" data-level=0 >Services<\/option><option value=\"78\" data-level=0 >For Sale<\/option><\/select><div class=\"hp-form__field hp-form__field--search\"><input type=\"search\" name=\"s\" value=\"\" placeholder=\"Keywords\" maxlength=\"256\" class=\"hp-field hp-field--search\"><\/div><\/div><div class=\"hp-form__footer\"><button type=\"submit\" class=\"hp-form__button button alt button hp-field hp-field--submit\"><span>Search<\/span><\/button><\/div><\/form>\n\n\n<div style=\"height:1px\" aria-hidden=\"true\" class=\"wp-block-spacer\"><\/div>\n\n\n\n<h2 class=\"has-text-align-center content-title\" id=\"kategorier\">Kategorier<\/h2>\n\n\n <div class=\"hp-listing-categories hp-grid hp-block\"><div class=\"hp-row\"><div class=\"hp-grid__item hp-col-sm-4 hp-col-xs-12\"><article class=\"hp-listing-category hp-listing-category--view-block\"><header class=\"hp-listing-category__header\"><div class=\"hp-listing-category__image\">\n\t<a href=\"https:\/\/percka.se\/regnbagsfiske\/listing-category\/real-estate\/\">\n\t\t\t\t\t<img src=\"https:\/\/percka.se\/regnbagsfiske\/wp-content\/themes\/listinghive\/vendor\/hivepress\/hivetheme\/assets\/images\/placeholders\/image-portrait.svg\" alt=\"Real Estate\" loading=\"lazy\">\n\t\t\t<\/a>\n<\/div>\n<div class=\"hp-listing-category__item-count hp-listing-category__count\">6 Listings<\/div>\n<\/header><div class=\"hp-listing-category__content\"><h3 class=\"hp-listing-category__name\"><a href=\"https:\/\/percka.se\/regnbagsfiske\/listing-category\/real-estate\/\">Real Estate<\/a>\n<\/h3><div class=\"hp-listing-category__details hp-listing-category__details--primary\"><div class=\"hp-listing-category__item-count hp-listing-category__count\">6 Listings<\/div>\n<\/div>\t<div class=\"hp-listing-category__description\">Mauris eget tortor ultrices.<\/div>\n\t<\/div><\/article><\/div><div class=\"hp-grid__item hp-col-sm-4 hp-col-xs-12\"><article class=\"hp-listing-category hp-listing-category--view-block\"><header class=\"hp-listing-category__header\"><div class=\"hp-listing-category__image\">\n\t<a href=\"https:\/\/percka.se\/regnbagsfiske\/listing-category\/enbart-flugfiske\/\">\n\t\t\t\t\t<img src=\"https:\/\/percka.se\/regnbagsfiske\/wp-content\/uploads\/2014\/01\/2013-05-23__14_13_02.jpg\" alt=\"Flugfiske\" loading=\"lazy\">\n\t\t\t<\/a>\n<\/div>\n<div class=\"hp-listing-category__item-count hp-listing-category__count\">0 Listings<\/div>\n<\/header><div class=\"hp-listing-category__content\"><h3 class=\"hp-listing-category__name\"><a href=\"https:\/\/percka.se\/regnbagsfiske\/listing-category\/enbart-flugfiske\/\">Flugfiske<\/a>\n<\/h3><div class=\"hp-listing-category__details hp-listing-category__details--primary\"><div class=\"hp-listing-category__item-count hp-listing-category__count\">0 Listings<\/div>\n<\/div>\t<div class=\"hp-listing-category__description\">Vatten med enbart flugfisket<\/div>\n\t<\/div><\/article><\/div><div class=\"hp-grid__item hp-col-sm-4 hp-col-xs-12\"><article class=\"hp-listing-category hp-listing-category--view-block\"><header class=\"hp-listing-category__header\"><div class=\"hp-listing-category__image\">\n\t<a href=\"https:\/\/percka.se\/regnbagsfiske\/listing-category\/flug-och-spinnfiske\/\">\n\t\t\t\t\t<img src=\"https:\/\/percka.se\/regnbagsfiske\/wp-content\/uploads\/2013\/12\/kull3.jpg\" alt=\"Flug- och spinnfiske\" loading=\"lazy\">\n\t\t\t<\/a>\n<\/div>\n<div class=\"hp-listing-category__item-count hp-listing-category__count\">1 Listing<\/div>\n<\/header><div class=\"hp-listing-category__content\"><h3 class=\"hp-listing-category__name\"><a href=\"https:\/\/percka.se\/regnbagsfiske\/listing-category\/flug-och-spinnfiske\/\">Flug- och spinnfiske<\/a>\n<\/h3><div class=\"hp-listing-category__details hp-listing-category__details--primary\"><div class=\"hp-listing-category__item-count hp-listing-category__count\">1 Listing<\/div>\n<\/div>\t<div class=\"hp-listing-category__description\">Flera fiskes\u00e4tt till\u00e5tna<\/div>\n\t<\/div><\/article><\/div><\/div><\/div>\n\n\n<h2 class=\"has-text-align-center content-title\" id=\"senast-tillagda\">Senast tillagda<\/h2>\n\n\n <div class=\"hp-listings hp-block hp-grid\"><div class=\"hp-row\"><div class=\"hp-grid__item hp-col-sm-4 hp-col-xs-12\"><article class=\"hp-listing hp-listing--view-block hp-listing--featured hp-listing--verified\"><header class=\"hp-listing__header\">\t<div class=\"hp-listing__featured-badge hp-listing__featured\" title=\"Featured\">\n\t\t<i class=\"hp-icon fas fa-star\"><\/i>\n\t<\/div>\n\t<div class=\"hp-listing__image\">\n\t<a href=\"https:\/\/percka.se\/regnbagsfiske\/listing\/berget-sportfiske\/\">\n\t\t\t\t\t<img src=\"https:\/\/percka.se\/regnbagsfiske\/wp-content\/plugins\/hivepress\/assets\/images\/placeholders\/image-landscape.svg\" alt=\"Berget Sportfiske\" loading=\"lazy\">\n\t\t\t<\/a>\n<\/div>\n<\/header><div class=\"hp-listing__content\">\t<div class=\"hp-listing__categories hp-listing__category\">\n\t\t\t\t\t<a href=\"https:\/\/percka.se\/regnbagsfiske\/listing-category\/flug-och-spinnfiske\/\">Flug- och spinnfiske<\/a>\n\t\t\t<\/div>\n\t<h4 class=\"hp-listing__title\"><a href=\"https:\/\/percka.se\/regnbagsfiske\/listing\/berget-sportfiske\/\">Berget Sportfiske<\/a>\n\t<i class=\"hp-listing__verified-badge hp-listing__verified hp-icon fas fa-check-circle\" title=\"Verified\"><\/i>\n\t<\/h4><div class=\"hp-listing__details hp-listing__details--primary\">\t<div class=\"hp-listing__categories hp-listing__category\">\n\t\t\t\t\t<a href=\"https:\/\/percka.se\/regnbagsfiske\/listing-category\/flug-och-spinnfiske\/\">Flug- och spinnfiske<\/a>\n\t\t\t<\/div>\n\t<time class=\"hp-listing__created-date hp-listing__date hp-meta\" datetime=\"2022-01-30 18:52:58\">\n\tAdded on 30 januari, 2022<\/time>\n<\/div><\/div><footer class=\"hp-listing__footer\"><div class=\"hp-listing__attributes hp-listing__attributes--primary\">\n\t<\/div>\n<div class=\"hp-listing__actions hp-listing__actions--primary\"><\/div><\/footer><\/article><\/div><div class=\"hp-grid__item hp-col-sm-4 hp-col-xs-12\"><article class=\"hp-listing hp-listing--view-block hp-listing--featured\"><header class=\"hp-listing__header\">\t<div class=\"hp-listing__featured-badge hp-listing__featured\" title=\"Featured\">\n\t\t<i class=\"hp-icon fas fa-star\"><\/i>\n\t<\/div>\n\t<div class=\"hp-listing__image\">\n\t<a href=\"https:\/\/percka.se\/regnbagsfiske\/listing\/stylish-remodeled-room\/\">\n\t\t\t\t\t<img src=\"https:\/\/percka.se\/regnbagsfiske\/wp-content\/uploads\/2021\/11\/image-9-400x300.jpg\" alt=\"Stylish remodeled room\" loading=\"lazy\">\n\t\t\t<\/a>\n<\/div>\n<\/header><div class=\"hp-listing__content\">\t<div class=\"hp-listing__categories hp-listing__category\">\n\t\t\t\t\t<a href=\"https:\/\/percka.se\/regnbagsfiske\/listing-category\/real-estate\/\">Real Estate<\/a>\n\t\t\t<\/div>\n\t<h4 class=\"hp-listing__title\"><a href=\"https:\/\/percka.se\/regnbagsfiske\/listing\/stylish-remodeled-room\/\">Stylish remodeled room<\/a>\n<\/h4><div class=\"hp-listing__details hp-listing__details--primary\">\t<div class=\"hp-listing__categories hp-listing__category\">\n\t\t\t\t\t<a href=\"https:\/\/percka.se\/regnbagsfiske\/listing-category\/real-estate\/\">Real Estate<\/a>\n\t\t\t<\/div>\n\t<time class=\"hp-listing__created-date hp-listing__date hp-meta\" datetime=\"2021-11-17 16:40:45\">\n\tAdded on 17 november, 2021<\/time>\n\t<div class=\"hp-listing__rating hp-rating\">\n\t\t<div class=\"hp-rating__stars hp-rating-stars\" data-component=\"rating\" data-value=\"4.5\"><\/div>\n\t\t<a href=\"https:\/\/percka.se\/regnbagsfiske\/listing\/stylish-remodeled-room\/#reviews\" class=\"hp-rating__details\">\n\t\t\t<span class=\"hp-rating__value\">4,5<\/span>\n\t\t\t<span class=\"hp-rating__count\">(2)<\/span>\n\t\t<\/a>\n\t<\/div>\n\t<\/div>\t<div class=\"hp-listing__attributes hp-listing__attributes--secondary\">\n\t\t<div class=\"hp-row\">\n\t\t\t\t\t\t\t\t<div class=\"hp-col-lg-6 hp-col-xs-12\">\n\t\t\t\t\t\t<div class=\"hp-listing__attribute hp-listing__attribute--type\">\n\t\t\t\t\t\t\t<strong>Type<\/strong>: Room\t\t\t\t\t\t<\/div>\n\t\t\t\t\t<\/div>\n\t\t\t\t\t\t\t\t\t\t<div class=\"hp-col-lg-6 hp-col-xs-12\">\n\t\t\t\t\t\t<div class=\"hp-listing__attribute hp-listing__attribute--sq-footage\">\n\t\t\t\t\t\t\t<strong>Sq. Footage<\/strong>: 130 ft\u00b2\t\t\t\t\t\t<\/div>\n\t\t\t\t\t<\/div>\n\t\t\t\t\t\t\t<\/div>\n\t<\/div>\n\t<\/div><footer class=\"hp-listing__footer\"><div class=\"hp-listing__attributes hp-listing__attributes--primary\">\n\t\t\t\t<div class=\"hp-listing__attribute hp-listing__attribute--rent\">\n\t\t\t\t$400 \/ mo\t\t\t<\/div>\n\t\t\t<\/div>\n<div class=\"hp-listing__actions hp-listing__actions--primary\"><\/div><\/footer><\/article><\/div><div class=\"hp-grid__item hp-col-sm-4 hp-col-xs-12\"><article class=\"hp-listing hp-listing--view-block hp-listing--featured\"><header class=\"hp-listing__header\">\t<div class=\"hp-listing__featured-badge hp-listing__featured\" title=\"Featured\">\n\t\t<i class=\"hp-icon fas fa-star\"><\/i>\n\t<\/div>\n\t<div class=\"hp-listing__image\">\n\t<a href=\"https:\/\/percka.se\/regnbagsfiske\/listing\/apple-macbook-pro-15\/\">\n\t\t\t\t\t<img src=\"https:\/\/percka.se\/regnbagsfiske\/wp-content\/uploads\/2021\/11\/image-1-400x300.jpg\" alt=\"Apple MacBook Pro 15&quot;\" loading=\"lazy\">\n\t\t\t<\/a>\n<\/div>\n<\/header><div class=\"hp-listing__content\">\t<div class=\"hp-listing__categories hp-listing__category\">\n\t\t\t\t\t<a href=\"https:\/\/percka.se\/regnbagsfiske\/listing-category\/for-sale\/\">For Sale<\/a>\n\t\t\t<\/div>\n\t<h4 class=\"hp-listing__title\"><a href=\"https:\/\/percka.se\/regnbagsfiske\/listing\/apple-macbook-pro-15\/\">Apple MacBook Pro 15&quot;<\/a>\n<\/h4><div class=\"hp-listing__details hp-listing__details--primary\">\t<div class=\"hp-listing__categories hp-listing__category\">\n\t\t\t\t\t<a href=\"https:\/\/percka.se\/regnbagsfiske\/listing-category\/for-sale\/\">For Sale<\/a>\n\t\t\t<\/div>\n\t<time class=\"hp-listing__created-date hp-listing__date hp-meta\" datetime=\"2021-11-17 15:50:28\">\n\tAdded on 17 november, 2021<\/time>\n\t<div class=\"hp-listing__rating hp-rating\">\n\t\t<div class=\"hp-rating__stars hp-rating-stars\" data-component=\"rating\" data-value=\"5\"><\/div>\n\t\t<a href=\"https:\/\/percka.se\/regnbagsfiske\/listing\/apple-macbook-pro-15\/#reviews\" class=\"hp-rating__details\">\n\t\t\t<span class=\"hp-rating__value\">5,0<\/span>\n\t\t\t<span class=\"hp-rating__count\">(2)<\/span>\n\t\t<\/a>\n\t<\/div>\n\t<\/div>\t<div class=\"hp-listing__attributes hp-listing__attributes--secondary\">\n\t\t<div class=\"hp-row\">\n\t\t\t\t\t\t\t\t<div class=\"hp-col-lg-6 hp-col-xs-12\">\n\t\t\t\t\t\t<div class=\"hp-listing__attribute hp-listing__attribute--condition\">\n\t\t\t\t\t\t\t<strong>Condition<\/strong>: Used\t\t\t\t\t\t<\/div>\n\t\t\t\t\t<\/div>\n\t\t\t\t\t\t\t\t\t\t<div class=\"hp-col-lg-6 hp-col-xs-12\">\n\t\t\t\t\t\t<div class=\"hp-listing__attribute hp-listing__attribute--shipping\">\n\t\t\t\t\t\t\t<strong>Shipping<\/strong>: Worldwide\t\t\t\t\t\t<\/div>\n\t\t\t\t\t<\/div>\n\t\t\t\t\t\t\t<\/div>\n\t<\/div>\n\t<\/div><footer class=\"hp-listing__footer\"><div class=\"hp-listing__attributes hp-listing__attributes--primary\">\n\t\t\t\t<div class=\"hp-listing__attribute hp-listing__attribute--price\">\n\t\t\t\t$800\t\t\t<\/div>\n\t\t\t<\/div>\n<div class=\"hp-listing__actions hp-listing__actions--primary\"><\/div><\/footer><\/article><\/div><div class=\"hp-grid__item hp-col-sm-4 hp-col-xs-12\"><article class=\"hp-listing hp-listing--view-block\"><header class=\"hp-listing__header\"><div class=\"hp-listing__image\">\n\t<a href=\"https:\/\/percka.se\/regnbagsfiske\/listing\/pink-moleskine-notebook\/\">\n\t\t\t\t\t<img src=\"https:\/\/percka.se\/regnbagsfiske\/wp-content\/uploads\/2021\/11\/image-3-400x300.jpg\" alt=\"Pink Moleskine notebook\" loading=\"lazy\">\n\t\t\t<\/a>\n<\/div>\n<\/header><div class=\"hp-listing__content\">\t<div class=\"hp-listing__categories hp-listing__category\">\n\t\t\t\t\t<a href=\"https:\/\/percka.se\/regnbagsfiske\/listing-category\/for-sale\/\">For Sale<\/a>\n\t\t\t<\/div>\n\t<h4 class=\"hp-listing__title\"><a href=\"https:\/\/percka.se\/regnbagsfiske\/listing\/pink-moleskine-notebook\/\">Pink Moleskine notebook<\/a>\n<\/h4><div class=\"hp-listing__details hp-listing__details--primary\">\t<div class=\"hp-listing__categories hp-listing__category\">\n\t\t\t\t\t<a href=\"https:\/\/percka.se\/regnbagsfiske\/listing-category\/for-sale\/\">For Sale<\/a>\n\t\t\t<\/div>\n\t<time class=\"hp-listing__created-date hp-listing__date hp-meta\" datetime=\"2021-11-17 15:40:22\">\n\tAdded on 17 november, 2021<\/time>\n\t<div class=\"hp-listing__rating hp-rating\">\n\t\t<div class=\"hp-rating__stars hp-rating-stars\" data-component=\"rating\" data-value=\"4\"><\/div>\n\t\t<a href=\"https:\/\/percka.se\/regnbagsfiske\/listing\/pink-moleskine-notebook\/#reviews\" class=\"hp-rating__details\">\n\t\t\t<span class=\"hp-rating__value\">4,0<\/span>\n\t\t\t<span class=\"hp-rating__count\">(2)<\/span>\n\t\t<\/a>\n\t<\/div>\n\t<\/div>\t<div class=\"hp-listing__attributes hp-listing__attributes--secondary\">\n\t\t<div class=\"hp-row\">\n\t\t\t\t\t\t\t\t<div class=\"hp-col-lg-6 hp-col-xs-12\">\n\t\t\t\t\t\t<div class=\"hp-listing__attribute hp-listing__attribute--condition\">\n\t\t\t\t\t\t\t<strong>Condition<\/strong>: New\t\t\t\t\t\t<\/div>\n\t\t\t\t\t<\/div>\n\t\t\t\t\t\t\t\t\t\t<div class=\"hp-col-lg-6 hp-col-xs-12\">\n\t\t\t\t\t\t<div class=\"hp-listing__attribute hp-listing__attribute--shipping\">\n\t\t\t\t\t\t\t<strong>Shipping<\/strong>: Local\t\t\t\t\t\t<\/div>\n\t\t\t\t\t<\/div>\n\t\t\t\t\t\t\t<\/div>\n\t<\/div>\n\t<\/div><footer class=\"hp-listing__footer\"><div class=\"hp-listing__attributes hp-listing__attributes--primary\">\n\t\t\t\t<div class=\"hp-listing__attribute hp-listing__attribute--price\">\n\t\t\t\t$30\t\t\t<\/div>\n\t\t\t<\/div>\n<div class=\"hp-listing__actions hp-listing__actions--primary\"><\/div><\/footer><\/article><\/div><div class=\"hp-grid__item hp-col-sm-4 hp-col-xs-12\"><article class=\"hp-listing hp-listing--view-block\"><header class=\"hp-listing__header\"><div class=\"hp-listing__image\">\n\t<a href=\"https:\/\/percka.se\/regnbagsfiske\/listing\/bang-olufsen-speaker\/\">\n\t\t\t\t\t<img src=\"https:\/\/percka.se\/regnbagsfiske\/wp-content\/uploads\/2021\/10\/image-2-400x300.jpg\" alt=\"Bang &amp; Olufsen speaker\" loading=\"lazy\">\n\t\t\t<\/a>\n<\/div>\n<\/header><div class=\"hp-listing__content\">\t<div class=\"hp-listing__categories hp-listing__category\">\n\t\t\t\t\t<a href=\"https:\/\/percka.se\/regnbagsfiske\/listing-category\/for-sale\/\">For Sale<\/a>\n\t\t\t<\/div>\n\t<h4 class=\"hp-listing__title\"><a href=\"https:\/\/percka.se\/regnbagsfiske\/listing\/bang-olufsen-speaker\/\">Bang &amp; Olufsen speaker<\/a>\n<\/h4><div class=\"hp-listing__details hp-listing__details--primary\">\t<div class=\"hp-listing__categories hp-listing__category\">\n\t\t\t\t\t<a href=\"https:\/\/percka.se\/regnbagsfiske\/listing-category\/for-sale\/\">For Sale<\/a>\n\t\t\t<\/div>\n\t<time class=\"hp-listing__created-date hp-listing__date hp-meta\" datetime=\"2021-11-17 15:17:16\">\n\tAdded on 17 november, 2021<\/time>\n\t<div class=\"hp-listing__rating hp-rating\">\n\t\t<div class=\"hp-rating__stars hp-rating-stars\" data-component=\"rating\" data-value=\"4.5\"><\/div>\n\t\t<a href=\"https:\/\/percka.se\/regnbagsfiske\/listing\/bang-olufsen-speaker\/#reviews\" class=\"hp-rating__details\">\n\t\t\t<span class=\"hp-rating__value\">4,5<\/span>\n\t\t\t<span class=\"hp-rating__count\">(2)<\/span>\n\t\t<\/a>\n\t<\/div>\n\t<\/div>\t<div class=\"hp-listing__attributes hp-listing__attributes--secondary\">\n\t\t<div class=\"hp-row\">\n\t\t\t\t\t\t\t\t<div class=\"hp-col-lg-6 hp-col-xs-12\">\n\t\t\t\t\t\t<div class=\"hp-listing__attribute hp-listing__attribute--condition\">\n\t\t\t\t\t\t\t<strong>Condition<\/strong>: New\t\t\t\t\t\t<\/div>\n\t\t\t\t\t<\/div>\n\t\t\t\t\t\t\t\t\t\t<div class=\"hp-col-lg-6 hp-col-xs-12\">\n\t\t\t\t\t\t<div class=\"hp-listing__attribute hp-listing__attribute--shipping\">\n\t\t\t\t\t\t\t<strong>Shipping<\/strong>: Worldwide\t\t\t\t\t\t<\/div>\n\t\t\t\t\t<\/div>\n\t\t\t\t\t\t\t<\/div>\n\t<\/div>\n\t<\/div><footer class=\"hp-listing__footer\"><div class=\"hp-listing__attributes hp-listing__attributes--primary\">\n\t\t\t\t<div class=\"hp-listing__attribute hp-listing__attribute--price\">\n\t\t\t\t$150\t\t\t<\/div>\n\t\t\t<\/div>\n<div class=\"hp-listing__actions hp-listing__actions--primary\"><\/div><\/footer><\/article><\/div><div class=\"hp-grid__item hp-col-sm-4 hp-col-xs-12\"><article class=\"hp-listing hp-listing--view-block hp-listing--verified\"><header class=\"hp-listing__header\"><div class=\"hp-listing__image\">\n\t<a href=\"https:\/\/percka.se\/regnbagsfiske\/listing\/beautiful-central-room\/\">\n\t\t\t\t\t<img src=\"https:\/\/percka.se\/regnbagsfiske\/wp-content\/uploads\/2021\/11\/image-10-400x300.jpg\" alt=\"Beautiful central room\" loading=\"lazy\">\n\t\t\t<\/a>\n<\/div>\n<\/header><div class=\"hp-listing__content\">\t<div class=\"hp-listing__categories hp-listing__category\">\n\t\t\t\t\t<a href=\"https:\/\/percka.se\/regnbagsfiske\/listing-category\/real-estate\/\">Real Estate<\/a>\n\t\t\t<\/div>\n\t<h4 class=\"hp-listing__title\"><a href=\"https:\/\/percka.se\/regnbagsfiske\/listing\/beautiful-central-room\/\">Beautiful central room<\/a>\n\t<i class=\"hp-listing__verified-badge hp-listing__verified hp-icon fas fa-check-circle\" title=\"Verified\"><\/i>\n\t<\/h4><div class=\"hp-listing__details hp-listing__details--primary\">\t<div class=\"hp-listing__categories hp-listing__category\">\n\t\t\t\t\t<a href=\"https:\/\/percka.se\/regnbagsfiske\/listing-category\/real-estate\/\">Real Estate<\/a>\n\t\t\t<\/div>\n\t<time class=\"hp-listing__created-date hp-listing__date hp-meta\" datetime=\"2021-11-17 15:15:33\">\n\tAdded on 17 november, 2021<\/time>\n\t<div class=\"hp-listing__rating hp-rating\">\n\t\t<div class=\"hp-rating__stars hp-rating-stars\" data-component=\"rating\" data-value=\"5\"><\/div>\n\t\t<a href=\"https:\/\/percka.se\/regnbagsfiske\/listing\/beautiful-central-room\/#reviews\" class=\"hp-rating__details\">\n\t\t\t<span class=\"hp-rating__value\">5,0<\/span>\n\t\t\t<span class=\"hp-rating__count\">(2)<\/span>\n\t\t<\/a>\n\t<\/div>\n\t<\/div>\t<div class=\"hp-listing__attributes hp-listing__attributes--secondary\">\n\t\t<div class=\"hp-row\">\n\t\t\t\t\t\t\t\t<div class=\"hp-col-lg-6 hp-col-xs-12\">\n\t\t\t\t\t\t<div class=\"hp-listing__attribute hp-listing__attribute--type\">\n\t\t\t\t\t\t\t<strong>Type<\/strong>: Room\t\t\t\t\t\t<\/div>\n\t\t\t\t\t<\/div>\n\t\t\t\t\t\t\t\t\t\t<div class=\"hp-col-lg-6 hp-col-xs-12\">\n\t\t\t\t\t\t<div class=\"hp-listing__attribute hp-listing__attribute--sq-footage\">\n\t\t\t\t\t\t\t<strong>Sq. Footage<\/strong>: 130 ft\u00b2\t\t\t\t\t\t<\/div>\n\t\t\t\t\t<\/div>\n\t\t\t\t\t\t\t<\/div>\n\t<\/div>\n\t<\/div><footer class=\"hp-listing__footer\"><div class=\"hp-listing__attributes hp-listing__attributes--primary\">\n\t\t\t\t<div class=\"hp-listing__attribute hp-listing__attribute--rent\">\n\t\t\t\t$500 \/ mo\t\t\t<\/div>\n\t\t\t<\/div>\n<div class=\"hp-listing__actions hp-listing__actions--primary\"><\/div><\/footer><\/article><\/div><\/div><\/div>","protected":false},"excerpt":{"rendered":"<p>S\u00f6k ditt n\u00e4sta fiskevatten \u00c4ra din fisk i tv\u00e5 dagar, ge den en spade den tredje dagen<\/p>\n","protected":false},"author":1,"featured_media":0,"parent":0,"menu_order":0,"comment_status":"closed","ping_status":"closed","template":"","meta":[],"_links":{"self":[{"href":"https:\/\/percka.se\/regnbagsfiske\/wp-json\/wp\/v2\/pages\/219"}],"collection":[{"href":"https:\/\/percka.se\/regnbagsfiske\/wp-json\/wp\/v2\/pages"}],"about":[{"href":"https:\/\/percka.se\/regnbagsfiske\/wp-json\/wp\/v2\/types\/page"}],"author":[{"embeddable":true,"href":"https:\/\/percka.se\/regnbagsfiske\/wp-json\/wp\/v2\/users\/1"}],"replies":[{"embeddable":true,"href":"https:\/\/percka.se\/regnbagsfiske\/wp-json\/wp\/v2\/comments?post=219"}],"version-history":[{"count":2,"href":"https:\/\/percka.se\/regnbagsfiske\/wp-json\/wp\/v2\/pages\/219\/revisions"}],"predecessor-version":[{"id":267,"href":"https:\/\/percka.se\/regnbagsfiske\/wp-json\/wp\/v2\/pages\/219\/revisions\/267"}],"wp:attachment":[{"href":"https:\/\/percka.se\/regnbagsfiske\/wp-json\/wp\/v2\/media?parent=219"}],"curies":[{"name":"wp","href":"https:\/\/api.w.org\/{rel}","templated":true}]}}