{"id":24,"date":"2013-06-13T09:08:37","date_gmt":"2013-06-13T07:08:37","guid":{"rendered":"http:\/\/percka.se\/regnbagsfiske\/?page_id=24"},"modified":"2013-06-13T09:14:39","modified_gmt":"2013-06-13T07:14:39","slug":"metet","status":"publish","type":"page","link":"https:\/\/percka.se\/regnbagsfiske\/fisketips\/metet\/","title":{"rendered":"Mete"},"content":{"rendered":"<p>Klassiskt mete, funkar ocks\u00e5 v\u00e4ldigt bra f\u00f6r fiske efter regnb\u00e5gen. Det \u00e4r nog ocks\u00e5 det fiskes\u00e4tt som jag uppskattar mest n\u00e4r det g\u00e4ller regnb\u00e5gsfisket. Man kan meta p\u00e5 olika s\u00e4tt och med olika slags agn. Dels s\u00e5 fungerar det bra med ett (kast)fl\u00f6te och krok, samt att man kan anv\u00e4nda sig av bottenmete. Som agn anv\u00e4nds oftast r\u00e4ka, powerbait, majs eller mask.<\/p>\n<p><b>Mete med fl\u00f6te<\/b><br \/>\nD\u00e5 regnb\u00e5gen \u00e4r s\u00e5 stark som den \u00e4r, s\u00e5 \u00e4r det mete med vanligt haspelsp\u00f6 som jag menar h\u00e4r (kastmete). D\u00e4r man anv\u00e4nder sig av s\u00e4rskilda kastfl\u00f6ten, \u00e4ven om vanliga fl\u00f6ten ocks\u00e5 fungerar s\u00e5klart. Men kastl\u00e4ngden \u00e4r oftast en stor f\u00f6rdel d\u00e5 man f\u00e5r st\u00f6rre omr\u00e5de att fiska av.<\/p>\n<p><b>Bottenmete<\/b><br \/>\nI en sj\u00f6 som jag fiskar i hyfsat regelbundet s\u00e5 \u00e4r detta det mest anv\u00e4nda s\u00e4ttet att meta. Det \u00e4r inte sv\u00e5rt att rigga i ordning f\u00f6r bottenmete, och det blir lite extra moment av sp\u00e4nning, tycker jag, vid detta fiskes\u00e4tt. Oftast s\u00e5 h\u00e5ller man inte sp\u00f6et i handen utan befinner sig i n\u00e4rheten sittandes. Och n\u00e4r man d\u00e5 ser linan rusa och sp\u00f6toppen b\u00f6rja vibrera s\u00e5 \u00e4r det det f\u00f6rsta momentet av sp\u00e4nning. Andra momentet kommer n\u00e4r man sp\u00e4nner bromsen p\u00e5 rullen och ska b\u00f6rja drilla fisken. Vilken storlek handlar det om? Sitter den bra? Och att f\u00e5 dessa sp\u00e4nningsmoment utspridda p\u00e5 n\u00e5gra sekunder, \u00e4r f\u00f6r mig den lilla extra kryddan som g\u00f6r att jag uppskattar bottenmete. H\u00e4r nedan ser du hur jag riggar upp det f\u00f6r bottenmete. Och jag anv\u00e4nder mig av powerbait i form av \u00e4gg. De sitter stabilt p\u00e5 kroken och jag beh\u00f6ver inte oroa mig \u00f6ver att dom lossnar, vilket jag ibland upplevt d\u00e5 jag testat alternativet (powerbait-pastan).<\/p>\n<figure><img alt=\"Bottenmete\" src=\"http:\/\/percka.se\/regnbage\/bilder\/bottenmete_glidande.jpg\" \/><figcaption>Glidande tackel vid bottenmete<\/figcaption><\/figure>\n<p>N\u00e4r det g\u00e4ller \u00e4ggen, s\u00e5 kan det variera vilken f\u00e4rg som funkar b\u00e4st i respektive vatten. Fr\u00e5ga g\u00e4rna n\u00e5gon lokal fiskare med lite k\u00e4nnedom, eller testa dig fram. Gul (chartreuse) har funkat bra f\u00f6r mig genom \u00e5ren iaf. Med eller utan glitter. Tafsen f\u00f6r bottenmete kan du variera beroende p\u00e5 f\u00f6ruts\u00e4ttningarna. Du kan anv\u00e4nda fl\u00e4tlina, vanlig lina eller fluorcarbon. Ca 50- 75 cm kan du utg\u00e5 ifr\u00e5n n\u00e4r det g\u00e4ller l\u00e4ngden, f\u00f6r att sedan anpassa den till det du tror fungerar b\u00e4st p\u00e5 fiskedagen. T\u00e4nk p\u00e5 att ju kortare tafs du har, desto f\u00e4rre fiskar exponerar du betet f\u00f6r. Men en varm sommardag, kan det vara skillnaden till f\u00e5ngst. Jag har varma och soliga dagar varit nere p\u00e5 20-30 cm i tafsl\u00e4ngd och f\u00e5tt fisk. S\u00e5 var inte r\u00e4dda f\u00f6r att \u00e4ndra l\u00e4ngden beroende p\u00e5 f\u00f6ruts\u00e4ttningarna.<\/p>\n","protected":false},"excerpt":{"rendered":"<p>Klassiskt mete, funkar ocks\u00e5 v\u00e4ldigt bra f\u00f6r fiske efter regnb\u00e5gen. Det \u00e4r nog ocks\u00e5 det fiskes\u00e4tt som jag uppskattar mest n\u00e4r det g\u00e4ller regnb\u00e5gsfisket. Man kan meta p\u00e5 olika s\u00e4tt och med olika slags agn. Dels s\u00e5 fungerar det bra med ett (kast)fl\u00f6te och krok, samt att man kan anv\u00e4nda sig av bottenmete. Som agn [&hellip;]<\/p>\n","protected":false},"author":1,"featured_media":0,"parent":18,"menu_order":0,"comment_status":"open","ping_status":"closed","template":"","meta":[],"_links":{"self":[{"href":"https:\/\/percka.se\/regnbagsfiske\/wp-json\/wp\/v2\/pages\/24"}],"collection":[{"href":"https:\/\/percka.se\/regnbagsfiske\/wp-json\/wp\/v2\/pages"}],"about":[{"href":"https:\/\/percka.se\/regnbagsfiske\/wp-json\/wp\/v2\/types\/page"}],"author":[{"embeddable":true,"href":"https:\/\/percka.se\/regnbagsfiske\/wp-json\/wp\/v2\/users\/1"}],"replies":[{"embeddable":true,"href":"https:\/\/percka.se\/regnbagsfiske\/wp-json\/wp\/v2\/comments?post=24"}],"version-history":[{"count":4,"href":"https:\/\/percka.se\/regnbagsfiske\/wp-json\/wp\/v2\/pages\/24\/revisions"}],"predecessor-version":[{"id":34,"href":"https:\/\/percka.se\/regnbagsfiske\/wp-json\/wp\/v2\/pages\/24\/revisions\/34"}],"up":[{"embeddable":true,"href":"https:\/\/percka.se\/regnbagsfiske\/wp-json\/wp\/v2\/pages\/18"}],"wp:attachment":[{"href":"https:\/\/percka.se\/regnbagsfiske\/wp-json\/wp\/v2\/media?parent=24"}],"curies":[{"name":"wp","href":"https:\/\/api.w.org\/{rel}","templated":true}]}}