{"id":28,"date":"2013-06-13T09:09:43","date_gmt":"2013-06-13T07:09:43","guid":{"rendered":"http:\/\/percka.se\/regnbagsfiske\/?page_id=28"},"modified":"2013-06-13T09:10:57","modified_gmt":"2013-06-13T07:10:57","slug":"om-regnbagen","status":"publish","type":"page","link":"https:\/\/percka.se\/regnbagsfiske\/om-regnbagen\/","title":{"rendered":"Om regnb\u00e5gen"},"content":{"rendered":"<p>Den dominerande fiskarten n\u00e4r det g\u00e4ller put- and takevatten. D\u00e4r man allts\u00e5 planterar in fisk (regelbundet) och vi fiskare mot en kostnad f\u00e5r fiska efter den. Anledningen till att det blivit popul\u00e4rt, tror jag, \u00e4r att fisket \u00e4r l\u00e4ttillg\u00e4ngligt och att en regnb\u00e5ge kan vara en ganska s\u00e5 rolig k\u00e4mpe och kul att f\u00e5nga d\u00e5 den g\u00e4rna hoppar och g\u00f6r rusningar. Den smakar ocks\u00e5 v\u00e4ldigt gott och funkar bra som matfisk (s\u00e4rskilt gott \u00e4r det att r\u00f6ka den!). Anledningen till att jag fastnat lite f\u00f6r denna fisken \u00e4r att jag i dagsl\u00e4get inte \u00e4ger n\u00e5gon b\u00e5t och i sj\u00f6ar med regnb\u00e5ge brukar det alltid finnas bryggor och \u00e4ven bra fiskem\u00f6jligheter fr\u00e5n land. Det \u00e4r ocks\u00e5 en bra fisk att introducera den yngre generationen f\u00f6r, n\u00e4st efter abborren s\u00e5klart, d\u00e5 den \u00e4r relativt l\u00e4ttf\u00e5ngad. Eller l\u00e4ttf\u00e5ngad och l\u00e4ttf\u00e5ngad, det kommer komma dagar d\u00e5 man som regnb\u00e5gsfiskare tvivlar p\u00e5 ens fiskekunskaper. Men f\u00f6rhoppningsvis kan man d\u00e5 ist\u00e4llet njuta av naturen och av att f\u00e5 vara utomhus.<\/p>\n<p>S\u00e5 tillg\u00e4ngligheten och dess fina kampstyrka \u00e4r stora f\u00f6rdelar med denna fisken. Ytterligare en faktor skulle jag s\u00e4ga att m\u00f6jligheterna med att v\u00e4lja fiskes\u00e4tt \u00e4r. Det g\u00e5r att anv\u00e4nda sig av mete, spinnfiske eller flugfiske. \u00c4ven genom att kombinera de olika fiskes\u00e4tten f\u00e5r vi n\u00e5gra sp\u00e4nnande alternativ. Sj\u00e4lvklart s\u00e5 beror det ocks\u00e5 p\u00e5 vilket slags vatten man fiskar i och vad som funkar b\u00e4st f\u00f6r respektive sj\u00f6. Men att ha en fisk som kan erbjuda flera olika s\u00e4tt att f\u00e5ngas p\u00e5, det tilltalar iaf mig. Det g\u00f6r att utmaningen att v\u00e4lja r\u00e4tt, beroende p\u00e5 f\u00f6ruts\u00e4ttningarna, g\u00f6r f\u00e5ngsten desto mer tillfredst\u00e4llande.<\/p>\n<p>&nbsp;<\/p>\n<p>Fr\u00e5n Wikipedia:<\/p>\n<p>Regnb\u00e5ge (\u00e4ven kallad regnb\u00e5gs\u00f6ring samt regnb\u00e5gsforell och forell, troligen fr\u00e5n det tyska ordet Regenbogenforelle) (Oncorhynchus mykiss, tidigare: Salmo gairdneri eller Salmo irideus) \u00e4r en fiskart.<\/p>\n<p>Regnb\u00e5gen \u00e4r ganska lik \u00f6ring men har ett r\u00f6daktigt band l\u00e4ngs sidorna och dessutom \u00e4r dess fenor prickiga. Ursprungligen en nordamerikansk art som har inplanterats i m\u00e5nga l\u00e4nder v\u00e4rlden \u00f6ver. Regnb\u00e5gar som lever i havet kallas steelhead i Nordamerika. I Sverige f\u00e5ngas den s\u00e4llan vilt men odlas flitigt och s\u00e4ljs d\u00e5 i handeln som laxforell eller regnb\u00e5gslax.<\/p>\n<p>Odlad regnb\u00e5ge s\u00e4tts ofta ut i svenska vattendrag i sportfiskesyfte, och \u00e4r ett mycket popul\u00e4rt fiskebyte bland annat p\u00e5 grund av dess energiska k\u00e4mpande vid inf\u00e5ngandet. Regnb\u00e5ge \u00e4r den dominerande fisken i s\u00e5 kallat put and take-vatten.<\/p>\n","protected":false},"excerpt":{"rendered":"<p>Den dominerande fiskarten n\u00e4r det g\u00e4ller put- and takevatten. D\u00e4r man allts\u00e5 planterar in fisk (regelbundet) och vi fiskare mot en kostnad f\u00e5r fiska efter den. Anledningen till att det blivit popul\u00e4rt, tror jag, \u00e4r att fisket \u00e4r l\u00e4ttillg\u00e4ngligt och att en regnb\u00e5ge kan vara en ganska s\u00e5 rolig k\u00e4mpe och kul att f\u00e5nga d\u00e5 [&hellip;]<\/p>\n","protected":false},"author":1,"featured_media":0,"parent":0,"menu_order":0,"comment_status":"open","ping_status":"open","template":"","meta":[],"_links":{"self":[{"href":"https:\/\/percka.se\/regnbagsfiske\/wp-json\/wp\/v2\/pages\/28"}],"collection":[{"href":"https:\/\/percka.se\/regnbagsfiske\/wp-json\/wp\/v2\/pages"}],"about":[{"href":"https:\/\/percka.se\/regnbagsfiske\/wp-json\/wp\/v2\/types\/page"}],"author":[{"embeddable":true,"href":"https:\/\/percka.se\/regnbagsfiske\/wp-json\/wp\/v2\/users\/1"}],"replies":[{"embeddable":true,"href":"https:\/\/percka.se\/regnbagsfiske\/wp-json\/wp\/v2\/comments?post=28"}],"version-history":[{"count":1,"href":"https:\/\/percka.se\/regnbagsfiske\/wp-json\/wp\/v2\/pages\/28\/revisions"}],"predecessor-version":[{"id":29,"href":"https:\/\/percka.se\/regnbagsfiske\/wp-json\/wp\/v2\/pages\/28\/revisions\/29"}],"wp:attachment":[{"href":"https:\/\/percka.se\/regnbagsfiske\/wp-json\/wp\/v2\/media?parent=28"}],"curies":[{"name":"wp","href":"https:\/\/api.w.org\/{rel}","templated":true}]}}